{"id":8268,"date":"2024-05-23T13:08:08","date_gmt":"2024-05-23T11:08:08","guid":{"rendered":"https:\/\/artdent.hu\/?page_id=8268"},"modified":"2026-03-20T17:07:47","modified_gmt":"2026-03-20T16:07:47","slug":"cookie-policy","status":"publish","type":"page","link":"https:\/\/artdent.hu\/en\/cookie-policy\/","title":{"rendered":"Cookie Policy"},"content":{"rendered":"<p>[et_pb_section fb_built=&#8221;1&#8243; admin_label=&#8221;Section (Header)&#8221; _builder_version=&#8221;4.24.0&#8243; _module_preset=&#8221;default&#8221; bottom_divider_color=&#8221;gcid-d56f538d-0eed-4f55-a997-8c9a2407bff7&#8243; saved_tabs=&#8221;all&#8221; locked=&#8221;off&#8221; collapsed=&#8221;off&#8221; global_colors_info=&#8221;{%22gcid-d56f538d-0eed-4f55-a997-8c9a2407bff7%22:%91%22bottom_divider_color%22%93,%22gcid-a3b18832-4fc9-4bc3-897e-933809edea3d%22:%91%22background_color%22%93}&#8221;][et_pb_row admin_label=&#8221;Row&#8221; module_class=&#8221;et_pb_row&#8211;lines-column-separators-all&#8221; _builder_version=&#8221;4.25.1&#8243; _module_preset=&#8221;default&#8221; global_colors_info=&#8221;{}&#8221;][et_pb_column type=&#8221;4_4&#8243; _builder_version=&#8221;4.25.0&#8243; _module_preset=&#8221;default&#8221; global_colors_info=&#8221;{}&#8221;][et_pb_text admin_label=&#8221;Text&#8221; _builder_version=&#8221;4.27.4&#8243; _module_preset=&#8221;7dbd6479-22c1-42e0-a2b8-348a9c77a21f&#8221; text_font=&#8221;Avenir|500||on|||||&#8221; text_text_color=&#8221;gcid-f0f7f3c1-dab7-4610-bc61-b36bf4ee53be&#8221; text_letter_spacing=&#8221;2.56px&#8221; width=&#8221;100%&#8221; locked=&#8221;off&#8221; global_colors_info=&#8221;{%22gcid-f0f7f3c1-dab7-4610-bc61-b36bf4ee53be%22:%91%22text_text_color%22%93}&#8221;]<\/p>\n<h1>Cookie Information<\/h1>\n<p>[\/et_pb_text][et_pb_text admin_label=&#8221;Text&#8221; _builder_version=&#8221;4.27.4&#8243; _module_preset=&#8221;c9f8f70a-d3f6-4188-9bff-d5c63538c9c0&#8243; global_colors_info=&#8221;{}&#8221;]<\/p>\n<h2>Cookie Policy<\/h2>\n<p>[\/et_pb_text][\/et_pb_column][\/et_pb_row][\/et_pb_section][et_pb_section fb_built=&#8221;1&#8243; admin_label=&#8221;Section (Content)&#8221; _builder_version=&#8221;4.25.1&#8243; _module_preset=&#8221;default&#8221; collapsed=&#8221;off&#8221; global_colors_info=&#8221;{}&#8221;][et_pb_row module_class=&#8221;et_pb_row&#8211;lines-column-separators-all&#8221; _builder_version=&#8221;4.25.1&#8243; _module_preset=&#8221;default&#8221; global_colors_info=&#8221;{}&#8221;][et_pb_column type=&#8221;4_4&#8243; _builder_version=&#8221;4.25.0&#8243; _module_preset=&#8221;default&#8221; global_colors_info=&#8221;{}&#8221;][et_pb_text _builder_version=&#8221;4.27.5&#8243; _module_preset=&#8221;default&#8221; hover_enabled=&#8221;0&#8243; global_colors_info=&#8221;{}&#8221; sticky_enabled=&#8221;0&#8243;]<strong>1. What are &#8220;cookies&#8221;<\/strong><\/p>\n<p>When a visitor visits the pages of <a href=\"https:\/\/artdent.hu\">https:\/\/artdent.hu<\/a>, a small file, a so-called &#8220;cookie&#8221; (hereinafter: &#8220;cookie&#8221;), is placed on their computer, which can serve several purposes.<\/p>\n<p>Some of the &#8220;cookies&#8221; we use are essential for the proper functioning of the site (&#8220;session cookies&#8221;), others collect information related to the use of the website (statistics) to make the site even more convenient and useful. Some &#8220;cookies&#8221; are only temporary and disappear when the browser is closed, while there are also persistent versions that remain on the computer for a longer period.<\/p>\n<p><strong>2. Purpose of &#8220;cookies&#8221;<\/strong><\/p>\n<p>2.1. To facilitate navigation on the site and thus the use of the website by recording the visitor&#8217;s settings and usage habits,<\/p>\n<p>2.2. improving the user experience by collecting information on how the visitor uses the website, which pages they visit or use most frequently. This way, we can learn how to provide an even better user experience when you visit our site again,<\/p>\n<p>2.3. collecting statistics, the analysis of which helps to understand how visitors use other online services in addition to the website, which we can then further develop,<\/p>\n<p>2.4. further development of the website and making it transparent according to visitor needs,<\/p>\n<p>2.5. where appropriate, placing targeted advertisements to display the most relevant offers to the visitor.<\/p>\n<p><strong>3. Types of &#8220;cookies&#8221;<\/strong><\/p>\n<p><strong>3.1. &#8220;session cookies&#8221;<\/strong><\/p>\n<p>&#8220;Session cookies&#8221; are necessary for browsing the website and using its functions; among other things, they allow for the remembering of operations performed by the visitor on a given page, function, or service. Without the use of &#8220;session cookies,&#8221; the smooth use of the website cannot be guaranteed. Their validity period extends for the duration of the given visit; the cookies are automatically deleted at the end of the session or upon closing the browser.<\/p>\n<p>Ensuring the proper session of the website takes place in accordance with the provisions of current legislation.<\/p>\n<p><strong>3.2. &#8220;preference cookies&#8221;<\/strong><\/p>\n<p>These &#8220;cookies&#8221; allow our website to remember which operating mode you have chosen (e.g., whether you use the Hungarian or English version of the website, whether you choose the accessibility version, how many results should appear at once in the search result list, etc.). This is done so that you do not have to provide these again during the next visit. Without the information in the &#8220;cookies&#8221; storing preferences, our website may function less smoothly.<\/p>\n<p><strong>3.3. &#8220;advertising cookies&#8221;<\/strong><\/p>\n<p>The purpose of using &#8220;advertising cookies&#8221; is to select advertisements that most interest our visitors or seem important to them and display these on our website. Furthermore, we can also measure the performance of our campaigns with these.<\/p>\n<p>The website uses &#8220;targeting and advertising cookies&#8221; from the following providers:<\/p>\n<p><strong>Google-Adwords: <\/strong>https:\/\/<a href=\"http:\/\/www.google.com\/intl\/hu\/policies\/privacy\">www.google.com\/intl\/hu\/policies\/privacy<\/a> <strong>Facebook: <\/strong>https:\/\/<a href=\"http:\/\/www.facebook.com\/help\/cookies\/)\">www.facebook.com\/help\/cookies\/)<\/a><\/p>\n<p><strong>3.4. &#8220;performance cookies&#8221;<\/strong><\/p>\n<p>With the help of \u201eperformance cookies,\u201d we collect information on how our visitors use our website (e.g., which pages the visitor viewed, how many pages they visited, which part of the page they clicked on, how long each session was, what error messages they received, etc.). This is done so that we can further develop our website (available services, functions, etc.) according to our visitors&#8217; needs and provide them with a high-quality, user-friendly experience.<\/p>\n<p>For performance measurement purposes, our website uses third-party \u201ecookies\u201d during every visit. Using \u201ecookies,\u201d we track how many people visit the website and what content they are interested in. All information is stored anonymously and used for the anonymous analysis of visitor behavior to provide users with a high-quality experience.<\/p>\n<p><strong>3.5. \u201eanalytical cookies\u201d<\/strong><\/p>\n<p>The website uses analytical cookies from the following provider:<\/p>\n<p><strong>&#8211; Google Analytics<\/strong><\/p>\n<p>The Website uses Google Analytics, which is a web analysis service provided by Google Inc. (\u201eGoogle\u201d). Google Analytics uses \u201ecookies,\u201d i.e., text files saved on your computer, which allow for the analysis of the use of the website. The information generated by the cookies regarding your use of the website is generally sent to and stored on Google&#8217;s servers in the USA. However, in the case of activation of IP address anonymization on the website, Google shortens your IP address within European Union Member States or other countries outside the European Economic Area that have joined the agreement before sending it to the USA. Only in exceptional cases is the full IP address sent to and stored on a Google server in the USA. Google uses this information on behalf of the website operator for the purpose of evaluating the use of the website, compiling reports on activities on the website, and providing further services to the website operator related to the use of the website and the internet. The IP addresses transmitted by our browser within the framework of Google Analytics are not combined or aggregated with other Google data.<\/p>\n<p>By appropriately setting your browser software, you can prevent cookies from being saved on your device. However, we hereby draw your attention to the fact that in this case, you may not be able to fully utilize all the functions of the website.<\/p>\n<p>In addition, you have the opportunity to prevent the recording and transmission of data generated by cookies regarding the use of the website (including the IP address) to Google, as well as the processing of such data by Google, if you download and install the browser plug-in available at the following link: <a href=\"https:\/\/tools.google.com\/dlpage\/gaoptout?hl=en\">https:\/\/tools.google.com\/dlpage\/gaoptout?hl=en<\/a><\/p>\n<p>You can prevent data collection by Google Analytics through Google&#8217;s site. This activates an \u201eopt-out\u201d cookie, which prevents the collection of your data during future visits to the website. For further information on the terms of use and the processing of personal data, please visit one of the following websites: <a href=\"http:\/\/www.google.com\/analytics\/terms\/us.html\">http:\/\/www.google.com\/analytics\/terms\/us.html<\/a> <a href=\"http:\/\/www.google.com\/intl\/en\/analytics\/privacyoverview.html\">http:\/\/www.google.com\/intl\/en\/analytics\/privacyoverview.html<\/a><\/p>\n<p><strong>4. Controlling &#8220;cookie settings,&#8221; disabling &#8220;cookies&#8221;<\/strong><\/p>\n<p>Modern browsers allow for the modification of &#8220;cookie settings.&#8221; Some browsers automatically accept &#8220;cookies&#8221; as a default, but this setting can also be changed to prevent the visitor from automatic acceptance in the future. In the event of a change, the browser will offer the choice of &#8220;cookie settings&#8221; every time from then on.<\/p>\n<p>Even if &#8220;cookies&#8221; are enabled, the Data Controller does not remember any identifier or password. Even if &#8220;cookies&#8221; are accepted, the visitor can use the services in full security.<\/p>\n<p>We draw our visitors&#8217; attention to the fact that since the purpose of &#8220;cookies&#8221; is to support and facilitate the usability and processes of the website, in the event of disabling &#8220;cookies,&#8221; we cannot guarantee that the visitor will be able to use all the functions of the website in their entirety. In this case, the website may function differently in the browser than intended.<\/p>\n<p><strong>Further detailed information on &#8220;cookie settings&#8221; for the following browsers<\/strong><\/p>\n<p><a href=\"https:\/\/support.google.com\/accounts\/answer\/61416?hl=hu\">Google Chrome<\/a><br \/>\n<a href=\"https:\/\/support.mozilla.org\/hu\/kb\/sutik-informacio-amelyet-weboldalak-tarolnak-szami?redirectlocale=hu&amp;redirectslug=S%C3%BCtik%2Bkezel%C3%A9se\">Firefox<\/a><br \/>\n<a href=\"http:\/\/windows.microsoft.com\/hu-hu\/internet-explorer\/delete-manage-cookies#ie%3Die-11\">Microsoft Internet Explorer 11<\/a><br \/>\n<a href=\"http:\/\/windows.microsoft.com\/hu-hu\/internet-explorer\/delete-manage-cookies#ie%3Die-10\">Microsoft Internet Explorer 10<\/a><br \/>\n<a href=\"http:\/\/windows.microsoft.com\/hu-hu\/internet-explorer\/delete-manage-cookies#ie%3Die-9\">Microsoft Internet Explorer 9<\/a><br \/>\n<a href=\"http:\/\/windows.microsoft.com\/hu-hu\/internet-explorer\/delete-manage-cookies#ie%3Die-8\">Microsoft Internet Explorer 8<\/a><br \/>\n<a href=\"http:\/\/support.apple.com\/kb\/index?page=search&amp;q=cookies%20safari\">Safari<\/a><\/p>\n<p><strong>5. Legal background, legal basis for data processing<\/strong><\/p>\n<ul>\n<li>According to the General Data Protection Regulation (GDPR, 2016\/679\/EU) and Act CXII of 2011 on the Right to Informational Self-Determination and on the Freedom of Information (Privacy Act), the voluntary consent of visitors,<\/li>\n<li>as well as the data processing authorization provided by Section 13\/A of Act CVIII of 2001 on Certain Issues of Electronic Commerce Services and Information Society Services (E-commerce Act), according to which the natural identification data of visitors (name, birth name, mother&#8217;s birth name, place and date of birth) and address can be processed without the visitor&#8217;s consent for the purpose of creating, determining the content of, modifying, monitoring the fulfillment of a contract for the provision of an information society service, billing the fees arising therefrom, and asserting claims related thereto; furthermore, the visitor&#8217;s natural identification data, address, and data related to the time, duration, and place of using the service can be processed without the visitor&#8217;s consent for the purpose of billing fees arising from the contract for the provision of the information society service.<\/li>\n<\/ul>\n<p>[\/et_pb_text][\/et_pb_column][\/et_pb_row][\/et_pb_section]<\/p>\n","protected":false},"excerpt":{"rendered":"<p>Cookie InformationCookie Policy1. What are &#8220;cookies&#8221; When a visitor visits the pages of https:\/\/artdent.hu, a small file, a so-called &#8220;cookie&#8221; (hereinafter: &#8220;cookie&#8221;), is placed on their computer, which can serve several purposes. Some of the &#8220;cookies&#8221; we use are essential for the proper functioning of the site (&#8220;session cookies&#8221;), others collect information related to the [&hellip;]<\/p>\n","protected":false},"author":1,"featured_media":0,"parent":0,"menu_order":0,"comment_status":"closed","ping_status":"closed","template":"","meta":{"_acf_changed":false,"_et_pb_use_builder":"on","_et_pb_old_content":"[et_pb_section fb_built=\"1\" admin_label=\"Section (Header)\" _builder_version=\"4.24.0\" _module_preset=\"default\" bottom_divider_color=\"gcid-d56f538d-0eed-4f55-a997-8c9a2407bff7\" saved_tabs=\"all\" locked=\"off\" collapsed=\"off\" global_colors_info=\"{%22gcid-d56f538d-0eed-4f55-a997-8c9a2407bff7%22:%91%22bottom_divider_color%22%93,%22gcid-a3b18832-4fc9-4bc3-897e-933809edea3d%22:%91%22background_color%22%93}\"][et_pb_row admin_label=\"Row\" module_class=\"et_pb_row--lines-column-separators-all\" _builder_version=\"4.25.1\" _module_preset=\"default\" global_colors_info=\"{}\"][et_pb_column type=\"4_4\" _builder_version=\"4.25.0\" _module_preset=\"default\" global_colors_info=\"{}\"][et_pb_text admin_label=\"Text\" _builder_version=\"4.25.1\" _module_preset=\"7dbd6479-22c1-42e0-a2b8-348a9c77a21f\" text_font=\"Avenir|500||on|||||\" text_text_color=\"gcid-f0f7f3c1-dab7-4610-bc61-b36bf4ee53be\" text_letter_spacing=\"2.56px\" width=\"100%\" hover_enabled=\"0\" locked=\"off\" global_colors_info=\"{%22gcid-f0f7f3c1-dab7-4610-bc61-b36bf4ee53be%22:%91%22text_text_color%22%93}\" sticky_enabled=\"0\"]\n<h1>S\u00fcti inform\u00e1ci\u00f3k<\/h1>\n[\/et_pb_text][et_pb_text admin_label=\"Text\" _builder_version=\"4.25.1\" _module_preset=\"c9f8f70a-d3f6-4188-9bff-d5c63538c9c0\" global_colors_info=\"{}\"]\n<h2>Cookie t\u00e1j\u00e9koztat\u00f3<\/h2>\n[\/et_pb_text][\/et_pb_column][\/et_pb_row][\/et_pb_section][et_pb_section fb_built=\"1\" admin_label=\"Section (Content)\" _builder_version=\"4.25.1\" _module_preset=\"default\" collapsed=\"off\" global_colors_info=\"{}\"][et_pb_row module_class=\"et_pb_row--lines-column-separators-all\" _builder_version=\"4.25.1\" _module_preset=\"default\" global_colors_info=\"{}\"][et_pb_column type=\"4_4\" _builder_version=\"4.25.0\" _module_preset=\"default\" global_colors_info=\"{}\"][et_pb_text _builder_version=\"4.25.1\" _module_preset=\"default\" global_colors_info=\"{}\"]\n\nInternethaszn\u00e1lat sor\u00e1n a honlapok s\u00fctiket (cookie) \u00e9s webjelz\u0151ket (web beacon, pixel tag vagy web bug) alkalmazhatnak, hogy lehet\u0151v\u00e9 tegy\u00e9k vagy megk\u00f6nny\u00edts\u00e9k a honlap haszn\u00e1lat\u00e1t, illetve optimaliz\u00e1lj\u00e1k a felhaszn\u00e1l\u00f3i \u00e9lm\u00e9nyt.\n\n<strong>A s\u00fctikr\u0151l.<\/strong> A felhaszn\u00e1l\u00f3 (\u00d6n) eszk\u00f6ze (asztali sz\u00e1m\u00edt\u00f3g\u00e9p, laptop, tablet vagy okostelefon) a s\u00fctiket jellemz\u0151en el\u0151re meghat\u00e1rozott ideig (az adott munkamenet idej\u00e9re, vagy adott esetben ak\u00e1r h\u00f3napokig, \u00e9vekig) t\u00e1rolja, \u00e9s a s\u00fcti erre az id\u0151szakra \u2013 t\u00edpust\u00f3l f\u00fcgg\u0151en \u2013 azonos\u00edthatja a felhaszn\u00e1l\u00f3t (\u00d6nt) az adott honlap sz\u00e1m\u00e1ra, r\u00f6gz\u00edtheti az adott honlaphoz tartoz\u00f3 felhaszn\u00e1l\u00f3nev\u00e9t \u00e9s jelszav\u00e1t, b\u00f6ng\u00e9sz\u00e9si szok\u00e1sait, honlap-l\u00e1togat\u00e1si t\u00f6rt\u00e9net\u00e9t, vagy ak\u00e1r az \u00e9rdekl\u0151d\u00e9si k\u00f6r\u00e9t.\n\nA s\u00fctik \u00e1ltal t\u00e1rolt adatok egy r\u00e9sze alkalmas a felhaszn\u00e1l\u00f3 (\u00d6n) eszk\u00f6z\u00e9nek (asztali sz\u00e1m\u00edt\u00f3g\u00e9p, laptop, tablet vagy okostelefon), \u00e9s ez\u00e1ltal ak\u00e1r mag\u00e1nak a felhaszn\u00e1l\u00f3nak (\u00d6nnek) az azonos\u00edt\u00e1s\u00e1ra is, ez\u00e9rt szem\u00e9lyes adatnak min\u0151s\u00fcl. Ennek megfelel\u0151en a szem\u00e9lyes adatai v\u00e9delme \u00e9rdek\u00e9ben a felhaszn\u00e1l\u00f3 (\u00d6n) korl\u00e1tozhatja vagy letilthatja a s\u00fctik haszn\u00e1lat\u00e1t az adott eszk\u00f6z internet b\u00f6ng\u00e9sz\u0151je (ilyen lehet p\u00e9ld\u00e1ul a Mozilla Firefox, Internet Explorer, Opera, Safari, Google Chrome) adatv\u00e9delmi be\u00e1ll\u00edt\u00e1saiban. A b\u00f6ng\u00e9sz\u0151 adatv\u00e9delmi be\u00e1ll\u00edt\u00e1saiban ugyancsak lehet\u0151s\u00e9g van az adott eszk\u00f6z\u00f6n t\u00e1rolt s\u00fctik t\u00f6rl\u00e9s\u00e9re azok \u00e9rv\u00e9nyess\u00e9gi idej\u00e9nek lej\u00e1rta el\u0151tt. Javasoljuk, hogy ellen\u0151rizze b\u00f6ng\u00e9sz\u0151j\u00e9nek be\u00e1ll\u00edt\u00e1sait \u00e9s rendszeres id\u0151k\u00f6z\u00f6nk\u00e9nt vizsg\u00e1lja fel\u00fcl azokat.\n\nMobil eszk\u00f6z\u00f6k\u00f6n (tablet, okostelefon) a s\u00fctik kezel\u00e9se oper\u00e1ci\u00f3s rendszerenk\u00e9nt, illetve gy\u00e1rt\u00f3nk\u00e9nt elt\u00e9r\u0151 lehet. A s\u00fctik be\u00e1ll\u00edt\u00e1s\u00e1hoz az \u00d6n eszk\u00f6z\u00e9n olvassa el figyelmesen a k\u00e9sz\u00fcl\u00e9ke haszn\u00e1lati utas\u00edt\u00e1s\u00e1t, vagy keresse fel a <a href=\"http:\/\/www.allaboutcookies.org\/mobile\/index.html\" target=\"_blank\" rel=\"noopener\">http:\/\/www.allaboutcookies.org\/mobile\/index.html<\/a> honlapot.\n\nHa \u00d6n valamennyi s\u00fcti letilt\u00e1sa (elutas\u00edt\u00e1sa) mellett d\u00f6nt, tov\u00e1bbra is tud b\u00f6ng\u00e9szni az interneten, azonban bizonyos honlapok m\u0171k\u00f6d\u00e9se korl\u00e1tozott vagy ak\u00e1r rendellenes is lehet. Fontos megjegyezni, hogy a be\u00e1ll\u00edt\u00e1sok minden esetben csak az adott eszk\u00f6zre \u00e9s az adott b\u00f6ng\u00e9sz\u0151re vonatkoznak, teh\u00e1t az \u00d6n \u00e1ltal k\u00edv\u00e1nt beal\u00edt\u00e1sokat minden eszk\u00f6z\u00f6n, illetve b\u00f6ng\u00e9sz\u0151n k\u00fcl\u00f6n kell elv\u00e9geznie.\n\n<strong>A webjelz\u0151kr\u0151l.<\/strong> A s\u00fctikkel ellent\u00e9tben a webjelz\u0151k nem t\u00e1rol\u00f3dnak a felhaszn\u00e1l\u00f3 (\u00d6n) eszk\u00f6z\u00e9n (asztali sz\u00e1m\u00edt\u00f3g\u00e9p, laptop, tablet vagy okostelefon), hanem a honlap r\u00e9sz\u00e9t k\u00e9pezik, \u00e9s a felhaszn\u00e1l\u00f3 (\u00d6n) l\u00e1togat\u00e1si szok\u00e1sait k\u00f6vetik az adott honlapon, gyakran a honlap \u00e1ltal a felhaszn\u00e1l\u00f3 (\u00d6n) eszk\u00f6z\u00e9re (asztali sz\u00e1m\u00edt\u00f3g\u00e9p, laptop, tablet vagy okostelefon) telep\u00edtett s\u00fctikben t\u00e1rolt adatokat felhaszn\u00e1lva.\n\n[\/et_pb_text][\/et_pb_column][\/et_pb_row][\/et_pb_section]","_et_gb_content_width":"","inline_featured_image":false,"footnotes":""},"page-category":[],"class_list":["post-8268","page","type-page","status-publish","hentry"],"acf":[],"yoast_head":"<title>Cookie Policy | Artdent Dentistry and Oral Surgery<\/title>\n<meta name=\"robots\" content=\"index, follow, max-snippet:-1, max-image-preview:large, max-video-preview:-1\" \/>\n<link rel=\"canonical\" href=\"https:\/\/artdent.hu\/en\/cookie-policy\/\" \/>\n<meta property=\"og:locale\" content=\"en_US\" \/>\n<meta property=\"og:type\" content=\"article\" \/>\n<meta property=\"og:title\" content=\"Cookie Policy\" \/>\n<meta property=\"og:description\" content=\"Cookie InformationCookie Policy1. What are &quot;cookies&quot; When a visitor visits the pages of https:\/\/artdent.hu, a small file, a so-called &quot;cookie&quot; (hereinafter: &quot;cookie&quot;), is placed on their computer, which can serve several purposes. Some of the &quot;cookies&quot; we use are essential for the proper functioning of the site (&quot;session cookies&quot;), others collect information related to the [&hellip;]\" \/>\n<meta property=\"og:url\" content=\"https:\/\/artdent.hu\/en\/cookie-policy\/\" \/>\n<meta property=\"og:site_name\" content=\"Artdent Dentistry and Oral Surgery\" \/>\n<meta property=\"article:modified_time\" content=\"2026-03-20T16:07:47+00:00\" \/>\n<meta name=\"twitter:card\" content=\"summary_large_image\" \/>\n<meta name=\"twitter:label1\" content=\"Est. reading time\" \/>\n\t<meta name=\"twitter:data1\" content=\"3 minutes\" \/>\n<script type=\"application\/ld+json\" class=\"yoast-schema-graph\">{\"@context\":\"https:\/\/schema.org\",\"@graph\":[{\"@type\":\"WebPage\",\"@id\":\"https:\/\/artdent.hu\/en\/cookie-policy\/\",\"url\":\"https:\/\/artdent.hu\/en\/cookie-policy\/\",\"name\":\"Cookie Policy | Artdent Dentistry and Oral Surgery\",\"isPartOf\":{\"@id\":\"https:\/\/artdent.hu\/en\/#website\"},\"datePublished\":\"2024-05-23T11:08:08+00:00\",\"dateModified\":\"2026-03-20T16:07:47+00:00\",\"breadcrumb\":{\"@id\":\"https:\/\/artdent.hu\/en\/cookie-policy\/#breadcrumb\"},\"inLanguage\":\"en-US\",\"potentialAction\":[{\"@type\":\"ReadAction\",\"target\":[\"https:\/\/artdent.hu\/en\/cookie-policy\/\"]}]},{\"@type\":\"BreadcrumbList\",\"@id\":\"https:\/\/artdent.hu\/en\/cookie-policy\/#breadcrumb\",\"itemListElement\":[{\"@type\":\"ListItem\",\"position\":1,\"name\":\"Home\",\"item\":\"https:\/\/artdent.hu\/en\/\"},{\"@type\":\"ListItem\",\"position\":2,\"name\":\"Cookie Policy\"}]},{\"@type\":\"WebSite\",\"@id\":\"https:\/\/artdent.hu\/en\/#website\",\"url\":\"https:\/\/artdent.hu\/en\/\",\"name\":\"Artdent Dentistry and Oral Surgery\",\"description\":\"Fog\u00e1szat \u00e9s Sz\u00e1jseb\u00e9szet Budapesten\",\"potentialAction\":[{\"@type\":\"SearchAction\",\"target\":{\"@type\":\"EntryPoint\",\"urlTemplate\":\"https:\/\/artdent.hu\/en\/?s={search_term_string}\"},\"query-input\":{\"@type\":\"PropertyValueSpecification\",\"valueRequired\":true,\"valueName\":\"search_term_string\"}}],\"inLanguage\":\"en-US\"}]}<\/script>","yoast_head_json":{"title":"Cookie Policy | Artdent Dentistry and Oral Surgery","robots":{"index":"index","follow":"follow","max-snippet":"max-snippet:-1","max-image-preview":"max-image-preview:large","max-video-preview":"max-video-preview:-1"},"canonical":"https:\/\/artdent.hu\/en\/cookie-policy\/","og_locale":"en_US","og_type":"article","og_title":"Cookie Policy","og_description":"Cookie InformationCookie Policy1. What are \"cookies\" When a visitor visits the pages of https:\/\/artdent.hu, a small file, a so-called \"cookie\" (hereinafter: \"cookie\"), is placed on their computer, which can serve several purposes. Some of the \"cookies\" we use are essential for the proper functioning of the site (\"session cookies\"), others collect information related to the [&hellip;]","og_url":"https:\/\/artdent.hu\/en\/cookie-policy\/","og_site_name":"Artdent Dentistry and Oral Surgery","article_modified_time":"2026-03-20T16:07:47+00:00","twitter_card":"summary_large_image","twitter_misc":{"Est. reading time":"3 minutes"},"schema":{"@context":"https:\/\/schema.org","@graph":[{"@type":"WebPage","@id":"https:\/\/artdent.hu\/en\/cookie-policy\/","url":"https:\/\/artdent.hu\/en\/cookie-policy\/","name":"Cookie Policy | Artdent Dentistry and Oral Surgery","isPartOf":{"@id":"https:\/\/artdent.hu\/en\/#website"},"datePublished":"2024-05-23T11:08:08+00:00","dateModified":"2026-03-20T16:07:47+00:00","breadcrumb":{"@id":"https:\/\/artdent.hu\/en\/cookie-policy\/#breadcrumb"},"inLanguage":"en-US","potentialAction":[{"@type":"ReadAction","target":["https:\/\/artdent.hu\/en\/cookie-policy\/"]}]},{"@type":"BreadcrumbList","@id":"https:\/\/artdent.hu\/en\/cookie-policy\/#breadcrumb","itemListElement":[{"@type":"ListItem","position":1,"name":"Home","item":"https:\/\/artdent.hu\/en\/"},{"@type":"ListItem","position":2,"name":"Cookie Policy"}]},{"@type":"WebSite","@id":"https:\/\/artdent.hu\/en\/#website","url":"https:\/\/artdent.hu\/en\/","name":"Artdent Dentistry and Oral Surgery","description":"Fog\u00e1szat \u00e9s Sz\u00e1jseb\u00e9szet Budapesten","potentialAction":[{"@type":"SearchAction","target":{"@type":"EntryPoint","urlTemplate":"https:\/\/artdent.hu\/en\/?s={search_term_string}"},"query-input":{"@type":"PropertyValueSpecification","valueRequired":true,"valueName":"search_term_string"}}],"inLanguage":"en-US"}]}},"_links":{"self":[{"href":"https:\/\/artdent.hu\/en\/wp-json\/wp\/v2\/pages\/8268","targetHints":{"allow":["GET"]}}],"collection":[{"href":"https:\/\/artdent.hu\/en\/wp-json\/wp\/v2\/pages"}],"about":[{"href":"https:\/\/artdent.hu\/en\/wp-json\/wp\/v2\/types\/page"}],"author":[{"embeddable":true,"href":"https:\/\/artdent.hu\/en\/wp-json\/wp\/v2\/users\/1"}],"replies":[{"embeddable":true,"href":"https:\/\/artdent.hu\/en\/wp-json\/wp\/v2\/comments?post=8268"}],"version-history":[{"count":8,"href":"https:\/\/artdent.hu\/en\/wp-json\/wp\/v2\/pages\/8268\/revisions"}],"predecessor-version":[{"id":9077,"href":"https:\/\/artdent.hu\/en\/wp-json\/wp\/v2\/pages\/8268\/revisions\/9077"}],"wp:attachment":[{"href":"https:\/\/artdent.hu\/en\/wp-json\/wp\/v2\/media?parent=8268"}],"wp:term":[{"taxonomy":"page-category","embeddable":true,"href":"https:\/\/artdent.hu\/en\/wp-json\/wp\/v2\/page-category?post=8268"}],"curies":[{"name":"wp","href":"https:\/\/api.w.org\/{rel}","templated":true}]}}